{"id":1085,"date":"2024-07-09T18:04:38","date_gmt":"2024-07-09T18:04:38","guid":{"rendered":"https:\/\/primetel.es\/?page_id=1085"},"modified":"2024-07-09T18:52:38","modified_gmt":"2024-07-09T18:52:38","slug":"politica-de-privacidad","status":"publish","type":"page","link":"https:\/\/primetel.es\/ca\/politica-de-privacidad\/","title":{"rendered":"Pol\u00edtica de privadesa"},"content":{"rendered":"<div data-elementor-type=\"wp-page\" data-elementor-id=\"1085\" class=\"elementor elementor-1085\" data-elementor-post-type=\"page\">\n\t\t\t\t<div class=\"elementor-element elementor-element-97ed1a0 e-flex e-con-boxed e-con e-parent\" data-id=\"97ed1a0\" data-element_type=\"container\">\n\t\t\t\t\t<div class=\"e-con-inner\">\n\t\t\t\t<div class=\"elementor-element elementor-element-24e071e elementor-widget elementor-widget-html\" data-id=\"24e071e\" data-element_type=\"widget\" data-widget_type=\"html.default\">\n\t\t\t\t<div class=\"elementor-widget-container\">\n\t\t\t<style>\r\n    ._politica {\r\n        color: #000; \/* Color cambiado a negro *\/\r\n        padding: 5em 5em 3em 5em;\r\n        width: auto;\r\n        text-align: justify;\r\n    }\r\n\r\n    ._politica h1 {\r\n        color: #000; \/* Color cambiado a negro *\/\r\n        text-align: center;\r\n        padding: 1em;\r\n    }\r\n\r\n    ._politica h2 {\r\n        color: #000; \/* Color cambiado a negro *\/\r\n    }\r\n    \r\n     ._politica h3 {\r\n        color: #000; \/* Color cambiado a negro *\/\r\n    }\r\n    \r\n     ._politica a {\r\n         color: #000;\r\n     }\r\n    \r\n    @media (max-width: 600px) {\r\n            ._politica {\r\n                padding: 1em;\r\n                font-size: 12px !important;\r\n            }\r\n\r\n            ._politica h1 {\r\n                font-size: 1.2em !important;\r\n                padding: 0.5em 0;\r\n            }\r\n\r\n            ._politica h2 {\r\n                font-size: 1em !important;\r\n            }\r\n\r\n            ._politica h3 {\r\n                font-size: 0.9em !important;\r\n            }\r\n\r\n            .responsive {\r\n                width: 100%;\r\n                font-size: 10px !important;\r\n            }\r\n        }\r\n<\/style>\r\n\r\n<div class=\"_politica\">\r\n    <h1>Pol\u00edtica de privadesa<\/h1>\r\n    <table class=\"responsive\">\r\n        <tbody>\r\n            <tr>\r\n                <td>EP\u00cdGRAFE<\/td>\r\n                <td>Inscripci\u00f3n Registro Mercantil tomo 47109, folio 150, hoja registral B541431<\/td>\r\n            <\/tr>\r\n            <tr>\r\n                <td>Responsable<\/td>\r\n                <td><strong>PRIMETEL SL,<\/strong> con domicilio en avenida Cabrera 36, planta 14, 08302 Matar\u00f3, es\r\n                    el responsable del correcto tratamiento de sus datos. Puede Vd. consultar sobre este tratamiento a\r\n                    trav\u00e9s del siguiente correo electr\u00f3nico <a href=\"mailto:datos@primetel.es\">datos@primetel.es<\/a><\/td>\r\n            <\/tr>\r\n            <tr>\r\n                <td>Finalidad<\/td>\r\n                <td>\r\n                    <p>En PRIMETEL SL, tratamos la informaci\u00f3n que nos facilitan las personas interesadas\r\n                        con el fin de:<\/p>\r\n                    <ul>\r\n                        <li>Cumplir con las prestaciones y servicios que suscribamos con el cliente.<\/li>\r\n                        <li>Tramitar y gestionar las solicitudes realizadas en relaci\u00f3n a productos y servicios.<\/li>\r\n                        <li>Remitir informaci\u00f3n publicitaria o promocional de productos y\/o servicios.<\/li>\r\n                        <li>Gestionar la suscripci\u00f3n a noticias y\/o blog de forma peri\u00f3dica.<\/li>\r\n                        <li>Tratar los datos personales para mantener un registro de curr\u00edculums de cara a una\r\n                            selecci\u00f3n de personal.<\/li>\r\n                    <\/ul>\r\n                    <p>Los datos personales proporcionados se conservar\u00e1n mientras se mantenga la relaci\u00f3n\r\n                        contractual y no se solicite su supresi\u00f3n por el interesado.<\/p>\r\n                    <p>Hay datos que por su naturaleza, debemos conservar a pesar de que nos retire su\r\n                        consentimiento por la existencia de una obligaci\u00f3n legal.<\/p>\r\n                <\/td>\r\n            <\/tr>\r\n            <tr>\r\n                <td>Legitimaci\u00f3n<\/td>\r\n                <td>\r\n                    <p>La utilizaci\u00f3n de los datos que nos has facilitado a trav\u00e9s del consentimiento, es\r\n                        necesaria para la correcta gesti\u00f3n de las relaciones con los Clientes \/ Colaboradores y,\r\n                        adem\u00e1s, poder cumplir con las obligaciones legales.<\/p>\r\n                    <p>En cualquier momento puede manifestar su oposici\u00f3n al uso de sus datos y, por lo tanto,\r\n                        dejar sin efecto cualquier tipo de gesti\u00f3n con los mismos, quedando \u00fanicamente sus datos\r\n                        bloqueados durante el tiempo legalmente previsto. Comunicarle que el no consentimiento\r\n                        puede conllevar que los servicios sean imposibles de prestar.<\/p>\r\n                <\/td>\r\n            <\/tr>\r\n            <tr>\r\n                <td>Destinatarios<\/td>\r\n                <td>\r\n                    <p>En principio no se ceder\u00e1n datos salvo obligaci\u00f3n legal.<\/p>\r\n                    <p>Ahora bien, sus datos podr\u00e1n ser cedidos a profesionales y\/o proveedores de esta Entidad\r\n                        a los solos efectos cumplimiento contractual o bien, a proveedores del servicios de esta\r\n                        Entidad como son las asesor\u00edas, servicios inform\u00e1ticos, servicios de almacenamiento en\r\n                        la nube, etc.<\/p>\r\n                    <p>Empresas proveedoras nacionales y encargados de tratamiento acogidos a Privacy Shield.<\/p>\r\n                <\/td>\r\n            <\/tr>\r\n            <tr>\r\n                <td>Derechos<\/td>\r\n                <td>\r\n                    <p>Solamente conservaremos sus datos personales mientras que mantengamos una relaci\u00f3n\r\n                        contractual, mientras que exista un requisito legal que lo obligue, mientras que Vd. no\r\n                        ejerza ninguno de los derechos que hagan que no podamos tratar sus datos.<\/p>\r\n                    <p>Como titular de derechos, Vd. tiene el control de sus datos y, por lo tanto, en cualquier\r\n                        momento puede ejercitar sus derechos, envi\u00e1ndonos un correo electr\u00f3nico <a href=\"mailto:datos@primetel.es\">datos@primetel.es<\/a><\/p>\r\n                    <p>Los derechos que puede ejercitar son:<\/p>\r\n                    <ul>\r\n                        <li>Acceso \u2013 Podr\u00e1 consultar sus datos personales tratados por esta Entidad.<\/li>\r\n                        <li>Rectificaci\u00f3n \u2013 Podr\u00e1 modificar sus datos personales cuando sean inexactos.<\/li>\r\n                        <li>Supresi\u00f3n \u2013 Podr\u00e1 solicitar la eliminaci\u00f3n de sus datos personales.<\/li>\r\n                        <li>Oposici\u00f3n \u2013 Podr\u00e1 solicitar que no se trate alguno de sus datos personales.<\/li>\r\n                        <li>Limitaci\u00f3n del Tratamiento \u2013 Podr\u00e1 solicitar la limitaci\u00f3n al tratamiento de sus\r\n                            datos personales en determinadas circunstancias.<\/li>\r\n                        <li>Portabilidad \u2013 Podr\u00e1 recibir los datos personales que nos haya facilitado o que\r\n                            hayamos obtenido en nuestra relaci\u00f3n contractual, as\u00ed como trasmitirlos a otra\r\n                            Entidad.<\/li>\r\n                    <\/ul>\r\n                    <p>Se informa a los usuarios, que tiene derecho a revocar el consentimiento en cualquier\r\n                        momento, sin que ello afecte a la licitud del tratamiento basado en el consentimiento\r\n                        previo a su retirada.<\/p>\r\n                    <p>As\u00ed mismo se informa a los interesados de que pueden presentar una reclamaci\u00f3n ante la\r\n                        Autoridad de Control en materia de Protecci\u00f3n de Datos competente, especialmente cuando\r\n                        no haya obtenido satisfacci\u00f3n en el ejercicio de sus derechos.<\/p>\r\n                    <p>Todos sus derechos puede solicitarlos indicando su nombre y haci\u00e9ndonos llegar una\r\n                        fotocopia de su identificaci\u00f3n con la solicitud.<\/p>\r\n                <\/td>\r\n            <\/tr>\r\n        <\/tbody>\r\n    <\/table><br>\r\n    <h2>DESARROLLO DE LA INFORMACI\u00d3N B\u00c1SICA<\/h2>\r\n\r\n    <p>En nuestra Entidad, hemos adaptado nuestros protocolos y pol\u00edticas de privacidad al Reglamento Europeo de\r\n        Protecci\u00f3n de Datos 679\/2016 (RGPD) y a la LO 3\/2018, de 5 de diciembre, de Protecci\u00f3n de Datos\r\n        personales y garant\u00eda de los derechos digitales, dado que nos preocupa la seguridad y la protecci\u00f3n de\r\n        los datos que tratamos.<\/p>\r\n    <h3>1.- QUI\u00c9N ES EL RESPONSABLE DEL TRATAMIENTO DE DATOS<\/h3>\r\n    <p><strong>PRIMETEL SL,<\/strong> con domicilio en Av. Cabrera 36, planta 12, 08302 Matar\u00f3, es el responsable\r\n        del correcto tratamiento de sus datos. Puede Vd. consultar sobre este\r\n        tratamiento a trav\u00e9s del siguiente correo electr\u00f3nico <a href=\"mailto:datos@primetel.es\">datos@primetel.es<\/a><\/p>\r\n    <h3>2.- PARA QU\u00c9 UTILIZAMOS SUS DATOS Y CUANTO TIEMPO LOS CONSERVAMOS<\/h3>\r\n    <p>En PRIMETEL SL, tratamos la informaci\u00f3n que nos facilitan las personas interesadas con el fin de:\r\n    <\/p>\r\n    <ul>\r\n        <li>Cumplir con las prestaciones y servicios que suscribamos con el cliente.<\/li>\r\n        <li>Tramitar y gestionar las solicitudes realizadas en relaci\u00f3n a productos y servicios.<\/li>\r\n        <li>Remitir informaci\u00f3n publicitaria o promocional de productos y\/o servicios.<\/li>\r\n        <li>Gestionar la suscripci\u00f3n a noticias y\/o blog de forma peri\u00f3dica.<\/li>\r\n    <\/ul>\r\n    <p>Los datos personales proporcionados se conservar\u00e1n mientras se mantenga la relaci\u00f3n contractual y no se\r\n        solicite su supresi\u00f3n por el interesado.<\/p>\r\n    <p>Hay datos que por su naturaleza, debemos conservar a pesar de que nos retire su consentimiento por la\r\n        existencia de una obligaci\u00f3n legal.<\/p>\r\n\r\n    <h3>3.- CU\u00c1L ES LA BASE LEGAL PARA EL TRATAMIENTO DE LOS DATOS<\/h3>\r\n    <p>La utilizaci\u00f3n de los datos que nos has facilitado a trav\u00e9s del consentimiento, es necesaria para la\r\n        correcta gesti\u00f3n de las relaciones con los Clientes \/ Colaboradores y, adem\u00e1s, poder cumplir con las\r\n        obligaciones legales.<\/p>\r\n    <p>En cualquier momento puede manifestar su oposici\u00f3n al uso de sus datos y, por lo tanto, dejar sin efecto\r\n        cualquier tipo de gesti\u00f3n con los mismos, quedando \u00fanicamente sus datos bloqueados durante el tiempo\r\n        legalmente previsto. Comunicarle que el no consentimiento puede conllevar que los servicios sean\r\n        imposibles de prestar.<\/p>\r\n\r\n    <h3>4.- VAN A CEDER MIS DATOS<\/h3>\r\n    <p>En principio no se ceder\u00e1n datos salvo obligaci\u00f3n legal.<\/p>\r\n    <p>Ahora bien, sus datos podr\u00e1n ser cedidos a profesionales y\/o proveedores de esta Entidad a los solos\r\n        efectos cumplimiento contractual o bien, a proveedores del servicios de esta Entidad como son las\r\n        asesor\u00edas, servicios inform\u00e1ticos, servicios de almacenamiento en la nube, etc.<\/p>\r\n\r\n    <h3>5.- DURANTE CU\u00c1NTO CONSERVAREMOS SUS DATOS PERSONALES<\/h3>\r\n    <p>Solamente conservaremos sus datos personales mientras que mantengamos una relaci\u00f3n contractual, mientras\r\n        que exista un requisito legal que lo obligue, mientras que Vd. no ejerza ninguno de los derechos que\r\n        hagan que no podamos tratar sus datos.<\/p>\r\n\r\n    <h3>6.- C\u00d3MO PUEDO EJERCER MIS DERECHOS<\/h3>\r\n    <p>Como titular de derechos, Vd. tiene el control de sus datos y, por lo tanto, en cualquier momento puede\r\n        ejercitar sus derechos, envi\u00e1ndonos un correo electr\u00f3nico <a href=\"mailto:datos@primetel.es\">datos@primetel.es<\/a><\/p>\r\n    <p>Los derechos que puede ejercitar son:<\/p>\r\n    <ul>\r\n        <li>Acceso \u2013 Podr\u00e1 consultar sus datos personales tratados por esta Entidad.<\/li>\r\n        <li>Rectificaci\u00f3n \u2013 Podr\u00e1 modificar sus datos personales cuando sean inexactos.<\/li>\r\n        <li>Supresi\u00f3n \u2013 Podr\u00e1 solicitar la eliminaci\u00f3n de sus datos personales.<\/li>\r\n        <li>Oposici\u00f3n \u2013 Podr\u00e1 solicitar que no se trate alguno de sus datos personales.<\/li>\r\n        <li>Limitaci\u00f3n del Tratamiento \u2013 Podr\u00e1 solicitar la limitaci\u00f3n al tratamiento de sus datos personales en\r\n            determinadas circunstancias.<\/li>\r\n        <li>Portabilidad \u2013 Podr\u00e1 recibir los datos personales que nos haya facilitado o que hayamos obtenido en\r\n            nuestra relaci\u00f3n contractual, as\u00ed como trasmitirlos a otra Entidad.<\/li>\r\n    <\/ul>\r\n    <p>Se informa a los usuarios, que tiene derecho a revocar el consentimiento en cualquier momento, sin que\r\n        ello afecte a la licitud del tratamiento basado en el consentimiento previo a su retirada.<\/p>\r\n    <p>As\u00ed mismo se informa a los interesados de que pueden presentar una reclamaci\u00f3n ante la Autoridad de\r\n        Control en materia de Protecci\u00f3n de Datos competente, especialmente cuando no haya obtenido satisfacci\u00f3n\r\n        en el ejercicio de sus derechos.<\/p>\r\n    <p>Todos sus derechos puede solicitarlos indicando su nombre y haci\u00e9ndonos llegar una fotocopia de su\r\n        identificaci\u00f3n con la solicitud.<\/p>\r\n<\/div>\r\n\t\t<\/div>\n\t\t\t\t<\/div>\n\t\t\t\t\t<\/div>\n\t\t\t\t<\/div>\n\t\t\t\t<\/div>","protected":false},"excerpt":{"rendered":"<p>Pol\u00edtica de privacidad EP\u00cdGRAFE Inscripci\u00f3n Registro Mercantil tomo 47109, folio 150, hoja registral B541431 Responsable PRIMETEL SL, con domicilio en [&hellip;]<\/p>","protected":false},"author":1,"featured_media":0,"parent":0,"menu_order":0,"comment_status":"closed","ping_status":"closed","template":"","meta":{"site-sidebar-layout":"no-sidebar","site-content-layout":"","ast-site-content-layout":"full-width-container","site-content-style":"default","site-sidebar-style":"default","ast-global-header-display":"","ast-banner-title-visibility":"","ast-main-header-display":"","ast-hfb-above-header-display":"","ast-hfb-below-header-display":"","ast-hfb-mobile-header-display":"","site-post-title":"disabled","ast-breadcrumbs-content":"","ast-featured-img":"disabled","footer-sml-layout":"","theme-transparent-header-meta":"","adv-header-id-meta":"","stick-header-meta":"","header-above-stick-meta":"","header-main-stick-meta":"","header-below-stick-meta":"","astra-migrate-meta-layouts":"default","ast-page-background-enabled":"default","ast-page-background-meta":{"desktop":{"background-color":"var(--ast-global-color-4)","background-image":"","background-repeat":"repeat","background-position":"center center","background-size":"auto","background-attachment":"scroll","background-type":"","background-media":"","overlay-type":"","overlay-color":"","overlay-opacity":"","overlay-gradient":""},"tablet":{"background-color":"","background-image":"","background-repeat":"repeat","background-position":"center center","background-size":"auto","background-attachment":"scroll","background-type":"","background-media":"","overlay-type":"","overlay-color":"","overlay-opacity":"","overlay-gradient":""},"mobile":{"background-color":"","background-image":"","background-repeat":"repeat","background-position":"center center","background-size":"auto","background-attachment":"scroll","background-type":"","background-media":"","overlay-type":"","overlay-color":"","overlay-opacity":"","overlay-gradient":""}},"ast-content-background-meta":{"desktop":{"background-color":"var(--ast-global-color-5)","background-image":"","background-repeat":"repeat","background-position":"center center","background-size":"auto","background-attachment":"scroll","background-type":"","background-media":"","overlay-type":"","overlay-color":"","overlay-opacity":"","overlay-gradient":""},"tablet":{"background-color":"var(--ast-global-color-5)","background-image":"","background-repeat":"repeat","background-position":"center center","background-size":"auto","background-attachment":"scroll","background-type":"","background-media":"","overlay-type":"","overlay-color":"","overlay-opacity":"","overlay-gradient":""},"mobile":{"background-color":"var(--ast-global-color-5)","background-image":"","background-repeat":"repeat","background-position":"center center","background-size":"auto","background-attachment":"scroll","background-type":"","background-media":"","overlay-type":"","overlay-color":"","overlay-opacity":"","overlay-gradient":""}},"footnotes":""},"class_list":["post-1085","page","type-page","status-publish","hentry"],"yoast_head":"<!-- This site is optimized with the Yoast SEO Premium plugin v23.0 (Yoast SEO v23.0) - https:\/\/yoast.com\/wordpress\/plugins\/seo\/ -->\n<title>Pol\u00edtica de privacidad - Primetel<\/title>\n<meta name=\"description\" content=\"Primetel Innovador sistema de ventas B2B, postventa y fidelizaci\u00f3n de productos y servicios que se adapta a las necesidades de cada cliente.\" \/>\n<meta name=\"robots\" content=\"index, follow, max-snippet:-1, max-image-preview:large, max-video-preview:-1\" \/>\n<link rel=\"canonical\" href=\"https:\/\/primetel.es\/ca\/politica-de-privacidad\/\" \/>\n<meta property=\"og:locale\" content=\"ca_ES\" \/>\n<meta property=\"og:type\" content=\"article\" \/>\n<meta property=\"og:title\" content=\"Pol\u00edtica de privacidad\" \/>\n<meta property=\"og:description\" content=\"Primetel Innovador sistema de ventas B2B, postventa y fidelizaci\u00f3n de productos y servicios que se adapta a las necesidades de cada cliente.\" \/>\n<meta property=\"og:url\" content=\"https:\/\/primetel.es\/ca\/politica-de-privacidad\/\" \/>\n<meta property=\"og:site_name\" content=\"Primetel\" \/>\n<meta property=\"article:modified_time\" content=\"2024-07-09T18:52:38+00:00\" \/>\n<meta property=\"og:image\" content=\"https:\/\/primetel.es\/wp-content\/uploads\/2024\/07\/PrimeTel_colour.webp\" \/>\n\t<meta property=\"og:image:width\" content=\"272\" \/>\n\t<meta property=\"og:image:height\" content=\"270\" \/>\n\t<meta property=\"og:image:type\" content=\"image\/webp\" \/>\n<meta name=\"twitter:card\" content=\"summary_large_image\" \/>\n<meta name=\"twitter:label1\" content=\"Temps estimat de lectura\" \/>\n\t<meta name=\"twitter:data1\" content=\"6 minuts\" \/>\n<script type=\"application\/ld+json\" class=\"yoast-schema-graph\">{\"@context\":\"https:\/\/schema.org\",\"@graph\":[{\"@type\":\"WebPage\",\"@id\":\"https:\/\/primetel.es\/politica-de-privacidad\/\",\"url\":\"https:\/\/primetel.es\/politica-de-privacidad\/\",\"name\":\"Pol\u00edtica de privacidad - Primetel\",\"isPartOf\":{\"@id\":\"https:\/\/primetel.es\/#website\"},\"datePublished\":\"2024-07-09T18:04:38+00:00\",\"dateModified\":\"2024-07-09T18:52:38+00:00\",\"description\":\"Primetel Innovador sistema de ventas B2B, postventa y fidelizaci\u00f3n de productos y servicios que se adapta a las necesidades de cada cliente.\",\"breadcrumb\":{\"@id\":\"https:\/\/primetel.es\/politica-de-privacidad\/#breadcrumb\"},\"inLanguage\":\"ca\",\"potentialAction\":[{\"@type\":\"ReadAction\",\"target\":[\"https:\/\/primetel.es\/politica-de-privacidad\/\"]}]},{\"@type\":\"BreadcrumbList\",\"@id\":\"https:\/\/primetel.es\/politica-de-privacidad\/#breadcrumb\",\"itemListElement\":[{\"@type\":\"ListItem\",\"position\":1,\"name\":\"Home\",\"item\":\"https:\/\/primetel.es\/\"},{\"@type\":\"ListItem\",\"position\":2,\"name\":\"Pol\u00edtica de privacidad\"}]},{\"@type\":\"WebSite\",\"@id\":\"https:\/\/primetel.es\/#website\",\"url\":\"https:\/\/primetel.es\/\",\"name\":\"Primetel\",\"description\":\"Lider en ventas PrimeTel Espa\u00f1a\",\"publisher\":{\"@id\":\"https:\/\/primetel.es\/#organization\"},\"potentialAction\":[{\"@type\":\"SearchAction\",\"target\":{\"@type\":\"EntryPoint\",\"urlTemplate\":\"https:\/\/primetel.es\/?s={search_term_string}\"},\"query-input\":\"required name=search_term_string\"}],\"inLanguage\":\"ca\"},{\"@type\":\"Organization\",\"@id\":\"https:\/\/primetel.es\/#organization\",\"name\":\"Primetel\",\"url\":\"https:\/\/primetel.es\/\",\"logo\":{\"@type\":\"ImageObject\",\"inLanguage\":\"ca\",\"@id\":\"https:\/\/primetel.es\/#\/schema\/logo\/image\/\",\"url\":\"https:\/\/primetel.es\/wp-content\/uploads\/2024\/07\/PrimeTel_colour.webp\",\"contentUrl\":\"https:\/\/primetel.es\/wp-content\/uploads\/2024\/07\/PrimeTel_colour.webp\",\"width\":272,\"height\":270,\"caption\":\"Primetel\"},\"image\":{\"@id\":\"https:\/\/primetel.es\/#\/schema\/logo\/image\/\"}}]}<\/script>\n<!-- \/ Yoast SEO Premium plugin. -->","yoast_head_json":{"title":"Pol\u00edtica de privacidad - Primetel","description":"Primetel Innovador sistema de ventas B2B, postventa y fidelizaci\u00f3n de productos y servicios que se adapta a las necesidades de cada cliente.","robots":{"index":"index","follow":"follow","max-snippet":"max-snippet:-1","max-image-preview":"max-image-preview:large","max-video-preview":"max-video-preview:-1"},"canonical":"https:\/\/primetel.es\/ca\/politica-de-privacidad\/","og_locale":"ca_ES","og_type":"article","og_title":"Pol\u00edtica de privacidad","og_description":"Primetel Innovador sistema de ventas B2B, postventa y fidelizaci\u00f3n de productos y servicios que se adapta a las necesidades de cada cliente.","og_url":"https:\/\/primetel.es\/ca\/politica-de-privacidad\/","og_site_name":"Primetel","article_modified_time":"2024-07-09T18:52:38+00:00","og_image":[{"width":272,"height":270,"url":"https:\/\/primetel.es\/wp-content\/uploads\/2024\/07\/PrimeTel_colour.webp","type":"image\/webp"}],"twitter_card":"summary_large_image","twitter_misc":{"Temps estimat de lectura":"6 minuts"},"schema":{"@context":"https:\/\/schema.org","@graph":[{"@type":"WebPage","@id":"https:\/\/primetel.es\/politica-de-privacidad\/","url":"https:\/\/primetel.es\/politica-de-privacidad\/","name":"Pol\u00edtica de privacidad - Primetel","isPartOf":{"@id":"https:\/\/primetel.es\/#website"},"datePublished":"2024-07-09T18:04:38+00:00","dateModified":"2024-07-09T18:52:38+00:00","description":"Primetel Innovador sistema de ventas B2B, postventa y fidelizaci\u00f3n de productos y servicios que se adapta a las necesidades de cada cliente.","breadcrumb":{"@id":"https:\/\/primetel.es\/politica-de-privacidad\/#breadcrumb"},"inLanguage":"ca","potentialAction":[{"@type":"ReadAction","target":["https:\/\/primetel.es\/politica-de-privacidad\/"]}]},{"@type":"BreadcrumbList","@id":"https:\/\/primetel.es\/politica-de-privacidad\/#breadcrumb","itemListElement":[{"@type":"ListItem","position":1,"name":"Home","item":"https:\/\/primetel.es\/"},{"@type":"ListItem","position":2,"name":"Pol\u00edtica de privacidad"}]},{"@type":"WebSite","@id":"https:\/\/primetel.es\/#website","url":"https:\/\/primetel.es\/","name":"Primetel","description":"Lider en ventas PrimeTel Espa\u00f1a","publisher":{"@id":"https:\/\/primetel.es\/#organization"},"potentialAction":[{"@type":"SearchAction","target":{"@type":"EntryPoint","urlTemplate":"https:\/\/primetel.es\/?s={search_term_string}"},"query-input":"required name=search_term_string"}],"inLanguage":"ca"},{"@type":"Organization","@id":"https:\/\/primetel.es\/#organization","name":"Primetel","url":"https:\/\/primetel.es\/","logo":{"@type":"ImageObject","inLanguage":"ca","@id":"https:\/\/primetel.es\/#\/schema\/logo\/image\/","url":"https:\/\/primetel.es\/wp-content\/uploads\/2024\/07\/PrimeTel_colour.webp","contentUrl":"https:\/\/primetel.es\/wp-content\/uploads\/2024\/07\/PrimeTel_colour.webp","width":272,"height":270,"caption":"Primetel"},"image":{"@id":"https:\/\/primetel.es\/#\/schema\/logo\/image\/"}}]}},"_links":{"self":[{"href":"https:\/\/primetel.es\/ca\/wp-json\/wp\/v2\/pages\/1085","targetHints":{"allow":["GET"]}}],"collection":[{"href":"https:\/\/primetel.es\/ca\/wp-json\/wp\/v2\/pages"}],"about":[{"href":"https:\/\/primetel.es\/ca\/wp-json\/wp\/v2\/types\/page"}],"author":[{"embeddable":true,"href":"https:\/\/primetel.es\/ca\/wp-json\/wp\/v2\/users\/1"}],"replies":[{"embeddable":true,"href":"https:\/\/primetel.es\/ca\/wp-json\/wp\/v2\/comments?post=1085"}],"version-history":[{"count":62,"href":"https:\/\/primetel.es\/ca\/wp-json\/wp\/v2\/pages\/1085\/revisions"}],"predecessor-version":[{"id":1266,"href":"https:\/\/primetel.es\/ca\/wp-json\/wp\/v2\/pages\/1085\/revisions\/1266"}],"wp:attachment":[{"href":"https:\/\/primetel.es\/ca\/wp-json\/wp\/v2\/media?parent=1085"}],"curies":[{"name":"wp","href":"https:\/\/api.w.org\/{rel}","templated":true}]}}