{"id":1087,"date":"2024-07-09T18:05:04","date_gmt":"2024-07-09T18:05:04","guid":{"rendered":"https:\/\/primetel.es\/?page_id=1087"},"modified":"2024-07-09T18:58:55","modified_gmt":"2024-07-09T18:58:55","slug":"aviso-legal","status":"publish","type":"page","link":"https:\/\/primetel.es\/ca\/aviso-legal\/","title":{"rendered":"Av\u00eds Legal"},"content":{"rendered":"<div data-elementor-type=\"wp-page\" data-elementor-id=\"1087\" class=\"elementor elementor-1087\" data-elementor-post-type=\"page\">\n\t\t\t\t<div class=\"elementor-element elementor-element-76f2a0e e-flex e-con-boxed e-con e-parent\" data-id=\"76f2a0e\" data-element_type=\"container\">\n\t\t\t\t\t<div class=\"e-con-inner\">\n\t\t\t\t<div class=\"elementor-element elementor-element-4f2c4b3 elementor-widget elementor-widget-html\" data-id=\"4f2c4b3\" data-element_type=\"widget\" data-widget_type=\"html.default\">\n\t\t\t\t<div class=\"elementor-widget-container\">\n\t\t\t<style>\r\n    .legal_ {\r\n        color: #000; \/* Color cambiado a negro *\/\r\n        padding: 5em 5em 3em 5em;\r\n        width: auto;\r\n        text-align: justify;\r\n    }\r\n\r\n    .legal_ h1 {\r\n        color: #000; \/* Color cambiado a negro *\/\r\n        text-align: center;\r\n        padding: 1em;\r\n    }\r\n\r\n    .legal_ h2 {\r\n        color: #000; \/* Color cambiado a negro *\/\r\n    }\r\n    \r\n     .legal_ h3 {\r\n        color: #000; \/* Color cambiado a negro *\/\r\n    }\r\n    \r\n     .legal_ a {\r\n         color: #000;\r\n     }\r\n    \r\n    @media (max-width: 600px) {\r\n            .legal_ {\r\n                padding: 1em;\r\n                font-size: 12px !important;\r\n            }\r\n\r\n            .legal_ h1 {\r\n                font-size: 1.2em !important;\r\n                padding: 0.5em 0;\r\n            }\r\n\r\n            .legal_ h2 {\r\n                font-size: 1em !important;\r\n            }\r\n\r\n            .legal_ h3 {\r\n                font-size: 0.9em !important;\r\n            }\r\n        }\r\n<\/style>\r\n<div class=\"legal_\">\r\n    <h1>Aviso legal<\/h1>\r\n    <p>Esta p\u00e1gina web es propiedad de <strong>PRIMETEL S.L.<\/strong><\/p>\r\n    <ul>\r\n        <li>CIF: B67534545<\/li>\r\n        <li>Inscripci\u00f3n Registro Mercantil tomo 47109, folio 150, hoja registral B541431.<\/li>\r\n        <li>Domicilio Social: Av. Cabrera 36, planta 14, 08302 Matar\u00f3<\/li>\r\n        <li>Direcci\u00f3n de correo electr\u00f3nico: <a href=\"mailto:datos@primetel.es\">datos@primetel.es<\/a>\r\n        <\/li>\r\n        <li>Tel\u00e9fono: (+34) 648 158 171<\/li><br>\r\n    <\/ul>\r\n    <p>La utilizaci\u00f3n de esta p\u00e1gina Web atribuye la condici\u00f3n de Usuario a quien lo haga e implica la\r\n        aceptaci\u00f3n de todas las condiciones incluidas en este Aviso Legal. El Usuario deber\u00e1 leer estas\r\n        condiciones cada vez que acceda a esta Web, ya que pueden ser modificadas en lo sucesivo. Algunos\r\n        aspectos de esta p\u00e1gina Web, por su especialidad, pueden estar sujetos a condiciones o reglas\r\n        particulares que pueden sustituir, completar o modificar este Aviso Legal, por lo que tambi\u00e9n deben ser\r\n        aceptadas por el Usuario que los utilice o acceda a ellos.<\/p>\r\n    <p>Todos los contenidos de esta Web (textos, fotograf\u00edas, gr\u00e1ficos, im\u00e1genes, tecnolog\u00eda, software, links,\r\n        contenidos audiovisuales o sonoros, dise\u00f1o gr\u00e1fico, c\u00f3digo fuente, etc.), as\u00ed como las marcas y dem\u00e1s\r\n        signos distintivos son propiedad de <strong>PRIMETEL S.L.<\/strong> o de terceros, no adquiriendo el\r\n        Usuario ning\u00fan derecho sobre ellos por el mero uso de esta Web. El Usuario, deber\u00e1 abstenerse de: a)\r\n        reproducir, copiar, distribuir, poner a disposici\u00f3n de terceros, comunicar p\u00fablicamente, transformar o\r\n        modificar los contenidos de esta Web, salvo en los casos contemplados en la ley o expresamente\r\n        autorizados por <strong>PRIMETEL S.L.<\/strong> o por el titular de dichos derechos. b) reproducir o\r\n        copiar para uso privado el software, las im\u00e1genes, los videos o las bases de datos existentes en esta\r\n        Web, as\u00ed como comunicarlos p\u00fablicamente o ponerlos a disposici\u00f3n de terceros cuando ello conlleve su\r\n        reproducci\u00f3n. c) extraer o reutilizar los contenidos integrantes de esta Web.<\/p>\r\n    <p>El Usuario que quiera introducir enlaces a esta Web desde sus propias p\u00e1ginas Web estar\u00e1 obligado a\r\n        cumplir las condiciones siguientes:\r\n    <\/p>\r\n    <ul>\r\n        <li>a) el enlace \u00fanicamente vincular\u00e1 con la home page, no pudiendo reproducirla de ninguna forma.<\/li>\r\n        <li>b) no podr\u00e1n establecerse frames o marcos de cualquier tipo que rodeen la Web o permitan\r\n            visualizarla a trav\u00e9s de direcciones de Internet distintas o conjuntamente con contenidos ajenos a\r\n            esta Web, de forma que produzca, o pueda producir, error o confusi\u00f3n en los Usuarios sobre la\r\n            procedencia del servicio o su contenido, implique un acto de comparaci\u00f3n o imitaci\u00f3n desleal, sirva\r\n            para aprovechar la reputaci\u00f3n, marca y prestigio de <strong>PRIMETEL S.L.<\/strong> o se haga de\r\n            cualquier otro modo que est\u00e9 prohibido por la Ley.<\/li>\r\n        <li>c) desde la p\u00e1gina que realice el enlace no podr\u00e1 efectuarse ning\u00fan tipo de manifestaci\u00f3n falsa o\r\n            inexacta sobre <strong>PRIMETEL S.L.<\/strong> o sobre la calidad de sus productos y servicios.\r\n        <\/li>\r\n        <li>d) El remitente no podr\u00e1 utilizar la marca o cualquier otro signo distintivo de <strong>FOCALIZA 2030\r\n                S.L.<\/strong> dentro de su p\u00e1gina Web, salvo en los casos autorizados por la ley o permitidos\r\n            expresamente por <strong>PRIMETEL S.L.<\/strong><\/li>\r\n        <li>e) la p\u00e1gina que establezca el enlace deber\u00e1 observar la legalidad vigente y no podr\u00e1 disponer de o\r\n            enlazar con contenidos il\u00edcitos, nocivos, contrarios a la moral y a las buenas costumbres, que\r\n            produzcan o puedan producir la falsa idea de qu\u00e9 <strong>PRIMETEL S.L.<\/strong> respalda o\r\n            apoya, las ideas, manifestaciones o actuaciones del remitente o que resulten inadecuados en relaci\u00f3n\r\n            con la actividad desarrollada por <strong>PRIMETEL S.L.<\/strong>, teniendo en cuenta los\r\n            contenidos y la tem\u00e1tica general de la p\u00e1gina Web donde se establezca el enlace.<\/li><br>\r\n    <\/ul>\r\n    <p><\/p>\r\n    <p><strong>PRIMETEL S.L.<\/strong> no es responsable de controlar que en esta Web no existan programas\r\n        maliciosos o cualquier otro elemento inform\u00e1tico da\u00f1ino. Corresponde al Usuario, en todo caso, disponer\r\n        de herramientas adecuadas para la detecci\u00f3n y desinfecci\u00f3n de estos elementos. De acuerdo con ello,\r\n        <strong>PRIMETEL S.L.<\/strong> no se responsabiliza de los da\u00f1os producidos a equipos inform\u00e1ticos\r\n        durante el acceso a la presente Web. Igualmente, <strong>PRIMETEL S.L.<\/strong> no ser\u00e1 responsable\r\n        de los da\u00f1os producidos a los Usuarios cuando dichos da\u00f1os tengan su origen en fallos o desconexiones en\r\n        las redes de telecomunicaciones que interrumpan el servicio de esta Web.\r\n    <\/p><br>\r\n    <p>Esta Web puede incluir enlaces que permiten al Usuario acceder a otras p\u00e1ginas de Internet. En estos\r\n        casos, <strong>PRIMETEL S.L.<\/strong> s\u00f3lo ser\u00e1 responsable de los contenidos y servicios\r\n        suministrados a trav\u00e9s de los enlaces en cuanto conozca su ilicitud y no los haya desactivado\r\n        diligentemente. Si un Usuario considerase que existe un enlace con contenidos il\u00edcitos o inadecuados,\r\n        podr\u00e1 indic\u00e1rselo a <strong>PRIMETEL S.L.<\/strong>, sin que ello suponga que este quede obligado por\r\n        ello a retirar el correspondiente enlace. <strong>PRIMETEL S.L.<\/strong> no siempre conoce los\r\n        contenidos y servicios de los enlaces y por tanto no se hace responsable por los da\u00f1os derivados de su\r\n        falta de calidad, desactualizaci\u00f3n, indisponibilidad, error, inutilidad o ilegalidad y no responde de\r\n        las manifestaciones realizadas o de los contenidos o servicios proporcionados a trav\u00e9s de ellos, salvo\r\n        que sea directamente responsable de la prestaci\u00f3n de dichos servicios.<\/p><br>\r\n    <p>El Usuario se compromete a hacer un uso correcto de esta Web de conformidad con la Ley, con el presente\r\n        Aviso Legal y con las dem\u00e1s condiciones, reglamentos e instrucciones que, en su caso, pudieran ser de\r\n        aplicaci\u00f3n. El Usuario responder\u00e1 frente a <strong>PRIMETEL S.L.<\/strong> y frente a terceros de\r\n        cualesquiera da\u00f1os o perjuicios que pudieran causarse por incumplimiento de estas obligaciones.<\/p>\r\n    <p>El presente Aviso Legal se rige \u00edntegramente por la legislaci\u00f3n espa\u00f1ola. Para la resoluci\u00f3n de cualquier\r\n        conflicto relativo a la interpretaci\u00f3n o aplicaci\u00f3n de este Aviso Legal, el Usuario se somete\r\n        expresamente a la jurisdicci\u00f3n de los tribunales en donde est\u00e9 domiciliada <strong>PRIMETEL S.L.<\/strong>\r\n    <\/p>\r\n\r\n    <p><\/p>\r\n<\/div>\t\t<\/div>\n\t\t\t\t<\/div>\n\t\t\t\t\t<\/div>\n\t\t\t\t<\/div>\n\t\t\t\t<\/div>","protected":false},"excerpt":{"rendered":"<p>Aviso legal Esta p\u00e1gina web es propiedad de PRIMETEL S.L. CIF: B67534545 Inscripci\u00f3n Registro Mercantil tomo 47109, folio 150, hoja [&hellip;]<\/p>","protected":false},"author":1,"featured_media":0,"parent":0,"menu_order":0,"comment_status":"closed","ping_status":"closed","template":"","meta":{"site-sidebar-layout":"no-sidebar","site-content-layout":"","ast-site-content-layout":"full-width-container","site-content-style":"default","site-sidebar-style":"default","ast-global-header-display":"","ast-banner-title-visibility":"","ast-main-header-display":"","ast-hfb-above-header-display":"","ast-hfb-below-header-display":"","ast-hfb-mobile-header-display":"","site-post-title":"disabled","ast-breadcrumbs-content":"","ast-featured-img":"disabled","footer-sml-layout":"","theme-transparent-header-meta":"","adv-header-id-meta":"","stick-header-meta":"","header-above-stick-meta":"","header-main-stick-meta":"","header-below-stick-meta":"","astra-migrate-meta-layouts":"default","ast-page-background-enabled":"default","ast-page-background-meta":{"desktop":{"background-color":"var(--ast-global-color-4)","background-image":"","background-repeat":"repeat","background-position":"center center","background-size":"auto","background-attachment":"scroll","background-type":"","background-media":"","overlay-type":"","overlay-color":"","overlay-opacity":"","overlay-gradient":""},"tablet":{"background-color":"","background-image":"","background-repeat":"repeat","background-position":"center center","background-size":"auto","background-attachment":"scroll","background-type":"","background-media":"","overlay-type":"","overlay-color":"","overlay-opacity":"","overlay-gradient":""},"mobile":{"background-color":"","background-image":"","background-repeat":"repeat","background-position":"center center","background-size":"auto","background-attachment":"scroll","background-type":"","background-media":"","overlay-type":"","overlay-color":"","overlay-opacity":"","overlay-gradient":""}},"ast-content-background-meta":{"desktop":{"background-color":"var(--ast-global-color-5)","background-image":"","background-repeat":"repeat","background-position":"center center","background-size":"auto","background-attachment":"scroll","background-type":"","background-media":"","overlay-type":"","overlay-color":"","overlay-opacity":"","overlay-gradient":""},"tablet":{"background-color":"var(--ast-global-color-5)","background-image":"","background-repeat":"repeat","background-position":"center center","background-size":"auto","background-attachment":"scroll","background-type":"","background-media":"","overlay-type":"","overlay-color":"","overlay-opacity":"","overlay-gradient":""},"mobile":{"background-color":"var(--ast-global-color-5)","background-image":"","background-repeat":"repeat","background-position":"center center","background-size":"auto","background-attachment":"scroll","background-type":"","background-media":"","overlay-type":"","overlay-color":"","overlay-opacity":"","overlay-gradient":""}},"footnotes":""},"class_list":["post-1087","page","type-page","status-publish","hentry"],"yoast_head":"<!-- This site is optimized with the Yoast SEO Premium plugin v23.0 (Yoast SEO v23.0) - https:\/\/yoast.com\/wordpress\/plugins\/seo\/ -->\n<title>Aviso Legal - Primetel<\/title>\n<meta name=\"description\" content=\"Primetel Innovador sistema de ventas B2B, postventa y fidelizaci\u00f3n de productos y servicios que se adapta a las necesidades de cada cliente.\" \/>\n<meta name=\"robots\" content=\"index, follow, max-snippet:-1, max-image-preview:large, max-video-preview:-1\" \/>\n<link rel=\"canonical\" href=\"https:\/\/primetel.es\/ca\/aviso-legal\/\" \/>\n<meta property=\"og:locale\" content=\"ca_ES\" \/>\n<meta property=\"og:type\" content=\"article\" \/>\n<meta property=\"og:title\" content=\"Aviso Legal\" \/>\n<meta property=\"og:description\" content=\"Primetel Innovador sistema de ventas B2B, postventa y fidelizaci\u00f3n de productos y servicios que se adapta a las necesidades de cada cliente.\" \/>\n<meta property=\"og:url\" content=\"https:\/\/primetel.es\/ca\/aviso-legal\/\" \/>\n<meta property=\"og:site_name\" content=\"Primetel\" \/>\n<meta property=\"article:modified_time\" content=\"2024-07-09T18:58:55+00:00\" \/>\n<meta property=\"og:image\" content=\"https:\/\/primetel.es\/wp-content\/uploads\/2024\/07\/PrimeTel_colour.webp\" \/>\n\t<meta property=\"og:image:width\" content=\"272\" \/>\n\t<meta property=\"og:image:height\" content=\"270\" \/>\n\t<meta property=\"og:image:type\" content=\"image\/webp\" \/>\n<meta name=\"twitter:card\" content=\"summary_large_image\" \/>\n<meta name=\"twitter:label1\" content=\"Temps estimat de lectura\" \/>\n\t<meta name=\"twitter:data1\" content=\"5 minuts\" \/>\n<script type=\"application\/ld+json\" class=\"yoast-schema-graph\">{\"@context\":\"https:\/\/schema.org\",\"@graph\":[{\"@type\":\"WebPage\",\"@id\":\"https:\/\/primetel.es\/aviso-legal\/\",\"url\":\"https:\/\/primetel.es\/aviso-legal\/\",\"name\":\"Aviso Legal - Primetel\",\"isPartOf\":{\"@id\":\"https:\/\/primetel.es\/#website\"},\"datePublished\":\"2024-07-09T18:05:04+00:00\",\"dateModified\":\"2024-07-09T18:58:55+00:00\",\"description\":\"Primetel Innovador sistema de ventas B2B, postventa y fidelizaci\u00f3n de productos y servicios que se adapta a las necesidades de cada cliente.\",\"breadcrumb\":{\"@id\":\"https:\/\/primetel.es\/aviso-legal\/#breadcrumb\"},\"inLanguage\":\"ca\",\"potentialAction\":[{\"@type\":\"ReadAction\",\"target\":[\"https:\/\/primetel.es\/aviso-legal\/\"]}]},{\"@type\":\"BreadcrumbList\",\"@id\":\"https:\/\/primetel.es\/aviso-legal\/#breadcrumb\",\"itemListElement\":[{\"@type\":\"ListItem\",\"position\":1,\"name\":\"Home\",\"item\":\"https:\/\/primetel.es\/\"},{\"@type\":\"ListItem\",\"position\":2,\"name\":\"Aviso Legal\"}]},{\"@type\":\"WebSite\",\"@id\":\"https:\/\/primetel.es\/#website\",\"url\":\"https:\/\/primetel.es\/\",\"name\":\"Primetel\",\"description\":\"Lider en ventas PrimeTel Espa\u00f1a\",\"publisher\":{\"@id\":\"https:\/\/primetel.es\/#organization\"},\"potentialAction\":[{\"@type\":\"SearchAction\",\"target\":{\"@type\":\"EntryPoint\",\"urlTemplate\":\"https:\/\/primetel.es\/?s={search_term_string}\"},\"query-input\":\"required name=search_term_string\"}],\"inLanguage\":\"ca\"},{\"@type\":\"Organization\",\"@id\":\"https:\/\/primetel.es\/#organization\",\"name\":\"Primetel\",\"url\":\"https:\/\/primetel.es\/\",\"logo\":{\"@type\":\"ImageObject\",\"inLanguage\":\"ca\",\"@id\":\"https:\/\/primetel.es\/#\/schema\/logo\/image\/\",\"url\":\"https:\/\/primetel.es\/wp-content\/uploads\/2024\/07\/PrimeTel_colour.webp\",\"contentUrl\":\"https:\/\/primetel.es\/wp-content\/uploads\/2024\/07\/PrimeTel_colour.webp\",\"width\":272,\"height\":270,\"caption\":\"Primetel\"},\"image\":{\"@id\":\"https:\/\/primetel.es\/#\/schema\/logo\/image\/\"}}]}<\/script>\n<!-- \/ Yoast SEO Premium plugin. -->","yoast_head_json":{"title":"Aviso Legal - Primetel","description":"Primetel Innovador sistema de ventas B2B, postventa y fidelizaci\u00f3n de productos y servicios que se adapta a las necesidades de cada cliente.","robots":{"index":"index","follow":"follow","max-snippet":"max-snippet:-1","max-image-preview":"max-image-preview:large","max-video-preview":"max-video-preview:-1"},"canonical":"https:\/\/primetel.es\/ca\/aviso-legal\/","og_locale":"ca_ES","og_type":"article","og_title":"Aviso Legal","og_description":"Primetel Innovador sistema de ventas B2B, postventa y fidelizaci\u00f3n de productos y servicios que se adapta a las necesidades de cada cliente.","og_url":"https:\/\/primetel.es\/ca\/aviso-legal\/","og_site_name":"Primetel","article_modified_time":"2024-07-09T18:58:55+00:00","og_image":[{"width":272,"height":270,"url":"https:\/\/primetel.es\/wp-content\/uploads\/2024\/07\/PrimeTel_colour.webp","type":"image\/webp"}],"twitter_card":"summary_large_image","twitter_misc":{"Temps estimat de lectura":"5 minuts"},"schema":{"@context":"https:\/\/schema.org","@graph":[{"@type":"WebPage","@id":"https:\/\/primetel.es\/aviso-legal\/","url":"https:\/\/primetel.es\/aviso-legal\/","name":"Aviso Legal - Primetel","isPartOf":{"@id":"https:\/\/primetel.es\/#website"},"datePublished":"2024-07-09T18:05:04+00:00","dateModified":"2024-07-09T18:58:55+00:00","description":"Primetel Innovador sistema de ventas B2B, postventa y fidelizaci\u00f3n de productos y servicios que se adapta a las necesidades de cada cliente.","breadcrumb":{"@id":"https:\/\/primetel.es\/aviso-legal\/#breadcrumb"},"inLanguage":"ca","potentialAction":[{"@type":"ReadAction","target":["https:\/\/primetel.es\/aviso-legal\/"]}]},{"@type":"BreadcrumbList","@id":"https:\/\/primetel.es\/aviso-legal\/#breadcrumb","itemListElement":[{"@type":"ListItem","position":1,"name":"Home","item":"https:\/\/primetel.es\/"},{"@type":"ListItem","position":2,"name":"Aviso Legal"}]},{"@type":"WebSite","@id":"https:\/\/primetel.es\/#website","url":"https:\/\/primetel.es\/","name":"Primetel","description":"Lider en ventas PrimeTel Espa\u00f1a","publisher":{"@id":"https:\/\/primetel.es\/#organization"},"potentialAction":[{"@type":"SearchAction","target":{"@type":"EntryPoint","urlTemplate":"https:\/\/primetel.es\/?s={search_term_string}"},"query-input":"required name=search_term_string"}],"inLanguage":"ca"},{"@type":"Organization","@id":"https:\/\/primetel.es\/#organization","name":"Primetel","url":"https:\/\/primetel.es\/","logo":{"@type":"ImageObject","inLanguage":"ca","@id":"https:\/\/primetel.es\/#\/schema\/logo\/image\/","url":"https:\/\/primetel.es\/wp-content\/uploads\/2024\/07\/PrimeTel_colour.webp","contentUrl":"https:\/\/primetel.es\/wp-content\/uploads\/2024\/07\/PrimeTel_colour.webp","width":272,"height":270,"caption":"Primetel"},"image":{"@id":"https:\/\/primetel.es\/#\/schema\/logo\/image\/"}}]}},"_links":{"self":[{"href":"https:\/\/primetel.es\/ca\/wp-json\/wp\/v2\/pages\/1087","targetHints":{"allow":["GET"]}}],"collection":[{"href":"https:\/\/primetel.es\/ca\/wp-json\/wp\/v2\/pages"}],"about":[{"href":"https:\/\/primetel.es\/ca\/wp-json\/wp\/v2\/types\/page"}],"author":[{"embeddable":true,"href":"https:\/\/primetel.es\/ca\/wp-json\/wp\/v2\/users\/1"}],"replies":[{"embeddable":true,"href":"https:\/\/primetel.es\/ca\/wp-json\/wp\/v2\/comments?post=1087"}],"version-history":[{"count":11,"href":"https:\/\/primetel.es\/ca\/wp-json\/wp\/v2\/pages\/1087\/revisions"}],"predecessor-version":[{"id":1265,"href":"https:\/\/primetel.es\/ca\/wp-json\/wp\/v2\/pages\/1087\/revisions\/1265"}],"wp:attachment":[{"href":"https:\/\/primetel.es\/ca\/wp-json\/wp\/v2\/media?parent=1087"}],"curies":[{"name":"wp","href":"https:\/\/api.w.org\/{rel}","templated":true}]}}